{"id":14,"date":"2023-04-24T19:01:09","date_gmt":"2023-04-24T19:01:09","guid":{"rendered":"https:\/\/culturatech.com\/\/lets-collaborate\/"},"modified":"2023-05-25T07:26:27","modified_gmt":"2023-05-25T07:26:27","slug":"lets-collaborate","status":"publish","type":"page","link":"https:\/\/culturatech.com\/de\/lets-collaborate\/","title":{"rendered":"Zusammenarbeit"},"content":{"rendered":"<p>[et_pb_section fb_built=\u201d1\u2033 admin_label=\u201dBanner 1\u2033 module_class=\u201dsection\u2013banner\u201d _builder_version=\u201d4.20.4\u2033 _module_preset=\u201ddefault\u201d global_colors_info=\u201d{}\u201d][et_pb_row column_structure=\u201d1_2,1_2\u2033 module_class=\u201drow\u2013banner\u201d _builder_version=\u201d4.20.4\u2033 _module_preset=\u201ddefault\u201d global_colors_info=\u201d{}\u201d][et_pb_column type=\u201d1_2\u2033 _builder_version=\u201d4.20.4\u2033 _module_preset=\u201ddefault\u201d global_colors_info=\u201d{}\u201d][et_pb_text module_class=\u201dbanner__text\u201d _builder_version=\u201d4.20.4\u2033 _module_preset=\u201dStandard\u201d global_colors_info=\u201d{}\u201d]<\/p>\n<h1>Zusammenarbeit<\/h1>\n<p><span class=\"TextRun SCXW263770856 BCX0\" lang=\"EN-CA\" xml:lang=\"EN-CA\" data-contrast=\"auto\"><span class=\"NormalTextRun SCXW263770856 BCX0\">Wir lieben es, \u00fcber Agri-Food zu sprechen. <\/span><\/span><\/p>\n<p><span class=\"TextRun SCXW263770856 BCX0\" lang=\"EN-CA\" xml:lang=\"EN-CA\" data-contrast=\"auto\"><span class=\"NormalTextRun SCXW263770856 BCX0\">Sie haben eine Idee, eine Gelegenheit oder eine Herausforderung zu l\u00f6sen?<\/span><\/span><span class=\"EOP SCXW263770856 BCX0\" data-ccp-props=\"{&quot;201341983&quot;:0,&quot;335551550&quot;:2,&quot;335551620&quot;:2,&quot;335559740&quot;:259}\">\u00a0<\/span><\/p>\n<p>[\/et_pb_text][\/et_pb_column][et_pb_column type=\u201d1_2\u2033 _builder_version=\u201d4.20.4\u2033 _module_preset=\u201ddefault\u201d global_colors_info=\u201d{}\u201d][et_pb_image src=\u201dhttps:\/\/culturatech.com\/\/wp-content\/uploads\/2023\/05\/AdobeStock_207035862-796\u00d7662.jpeg\u201d title_text=\u201dSonnenuntergang \u00fcber einem Kartoffelfeld im l\u00e4ndlichen Prince Edward Island, Kanada\u201d module_class=\u201dbanner__image\u201d _builder_version=\u201d4.20.4\u2033 _module_preset=\u201ddefault\u201d global_colors_info=\u201d{}\u201d][\/et_pb_image][\/et_pb_column][\/et_pb_row][\/et_pb_section][et_pb_section fb_built=\u201d1\u2033 admin_label=\u201dInhalt\u201d _builder_version=\u201d4.20.4\u2033 _module_preset=\u201ddefault\u201d global_colors_info=\u201d{}\u201d][et_pb_row admin_label=\u201dTextinhalt\u201d module_class=\u201drow\u2013text-content\u201d _builder_version=\u201d4.20.4\u2033 _module_preset=\u201ddefault\u201d global_colors_info=\u201d{}\u201d][et_pb_column type=\u201d4_4\u2033 _builder_version=\u201d4.20.4\u2033 _module_preset=\u201ddefault\u201d global_colors_info=\u201d{}\u201d][et_pb_text module_class=\u201dtext-content__content\u201d _builder_version=\u201d4.20.4\u2033 _module_preset=\u201ddefault\u201d global_colors_info=\u201d{}\u201d]<\/p>\n<h2><span class=\"ui-provider bfo bfp c d e f g h i j k l m n o p q r s t bfq bfr w x y z ab ac ae af ag ah ai aj ak\" dir=\"ltr\">Wir haben B\u00fcros in der ganzen Welt und arbeiten global zusammen. Wir sind an einer Zusammenarbeit mit Fachleuten, Partnern, Unternehmern und Innovatoren aus der Agrar- und Ern\u00e4hrungswirtschaft interessiert.\u00a0<\/span><\/h2>\n<p>[\/et_pb_text][\/et_pb_column][\/et_pb_row][\/et_pb_section][et_pb_section fb_built=\u201d1\u2033 _builder_version=\u201d4.20.4\u2033 _module_preset=\u201ddefault\u201d global_colors_info=\u201d{}\u201d][et_pb_row _builder_version=\u201d4.20.4\u2033 _module_preset=\u201ddefault\u201d global_colors_info=\u201d{}\u201d][et_pb_column type=\u201d4_4\u2033 _builder_version=\u201d4.20.4\u2033 _module_preset=\u201ddefault\u201d global_colors_info=\u201d{}\u201d][et_pb_code admin_label=\u201dMarketo Kontaktformular Code\u201d _builder_version=\u201d4.20.4\u2033 _module_preset=\u201ddefault\u201d global_colors_info=\u201d{}\u201d]<script src=\"\/\/my.volarisgroup.com\/js\/forms2\/js\/forms2.min.js\"><\/script><!-- [et_pb_line_break_holder] --><\/p>\n<form id=\"mktoForm_1592\" action=\"\"><input type=\"hidden\" name=\"trp-form-language\" value=\"de\"\/><\/form>\n<p><!-- [et_pb_line_break_holder] --><script>MktoForms2.loadForm(\"\/\/my.volarisgroup.com\", \"785-EOP-276\", 1592);<\/script>[\/et_pb_code][\/et_pb_column][\/et_pb_row][\/et_pb_section][et_pb_section fb_built=\u201d1\u2033 admin_label=\u201dLogo Scroll\u201d module_class=\u201dlogo__scroll\u201d _builder_version=\u201d4.20.4\u2033 _module_preset=\u201ddefault\u201d collapsed=\u201doff\u201d global_colors_info=\u201d{}\u201d][et_pb_row module_class=\u201dlogos\u201d _builder_version=\u201d4.20.4\u2033 _module_preset=\u201ddefault\u201d width=\u201d100%\u201d max_width=\u201d2560px\u201d animation_style=\u201dfade\u201d global_colors_info=\u201d{}\u201d][et_pb_column type=\u201d4_4\u2033 _builder_version=\u201d4.20.4\u2033 _module_preset=\u201ddefault\u201d global_colors_info=\u201d{}\u201d][et_pb_code admin_label=\u201dCode \u2013 Logos\u201d _builder_version=\u201d4.20.4\u2033 _module_preset=\u201ddefault\u201d global_colors_info=\u201d{}\u201d]<\/p>\n<div id=\"cycle-slideshow\" data-cycle-swipe=\"true\" data-cycle-swipe-fx=\"scrollHorz\" data-cycle-slides=\"> div&#8221; data-cycle-fx=&#8221;carousel&#8221; data-cycle-pause-on-hover=&#8221;false&#8221; data-cycle-speed=&#8221;30000&#8243;  data-cycle-timeout=&#8221;1&#8243; data-cycle-easing=&#8221;linear&#8221; data-cycle-manual-speed=&#8221;200&#8243; data-cycle-carousel-visible=5 data-cycle-log=&#8221;false&#8221;><!-- [et_pb_line_break_holder] -->\t<\/p><div><img decoding=\"async\" src=\"https:\/\/culturatech.com\/\/wp-content\/uploads\/2023\/05\/greenstone-1.svg\" alt=\"Greenstone\"><\/div>\n<p><!-- [et_pb_line_break_holder] -->\t<\/p>\n<div><img decoding=\"async\" src=\"https:\/\/culturatech.com\/\/wp-content\/uploads\/2023\/05\/primetics-1.svg\" alt=\"Primetics\"><\/div>\n<p><!-- [et_pb_line_break_holder] -->\t<\/p>\n<div><img decoding=\"async\" src=\"https:\/\/culturatech.com\/\/wp-content\/uploads\/2023\/05\/solentra.svg\" alt=\"Solentra\"><\/div>\n<p><!-- [et_pb_line_break_holder] -->\t<\/p>\n<div><img decoding=\"async\" src=\"https:\/\/culturatech.com\/\/wp-content\/uploads\/2023\/05\/aeros-1.svg\" alt=\"Aeros\"><\/div>\n<p><!-- [et_pb_line_break_holder] -->\t<\/p>\n<div><img decoding=\"async\" src=\"https:\/\/culturatech.com\/\/wp-content\/uploads\/2023\/05\/agronomix.svg\" alt=\"Agronomix\"><\/div>\n<p><!-- [et_pb_line_break_holder] -->\t<\/p>\n<div><img decoding=\"async\" src=\"https:\/\/culturatech.com\/\/wp-content\/uploads\/2023\/05\/agvision.svg\" alt=\"Agvision\"><\/div>\n<p><!-- [et_pb_line_break_holder] -->\t<\/p>\n<div><img decoding=\"async\" src=\"https:\/\/culturatech.com\/\/wp-content\/uploads\/2023\/05\/amic-1.svg\" alt=\"Amic\"><\/div>\n<p><!-- [et_pb_line_break_holder] -->\t<\/p>\n<div><img decoding=\"async\" src=\"https:\/\/culturatech.com\/\/wp-content\/uploads\/2023\/05\/core-tech-1.svg\" alt=\"Core Tech\"><\/div>\n<p><!-- [et_pb_line_break_holder] -->\t<\/p>\n<div><img decoding=\"async\" src=\"https:\/\/culturatech.com\/\/wp-content\/uploads\/2023\/05\/core-tech-1.svg\" alt=\"Extend Ag\"><\/div>\n<p><!-- [et_pb_line_break_holder] -->  <\/p>\n<div><img decoding=\"async\" src=\"https:\/\/culturatech.com\/\/wp-content\/uploads\/2023\/05\/tibersoft-brown.svg\" alt=\"Tibersoft\"><\/div>\n<p><!-- [et_pb_line_break_holder] --><\/div>\n<p>[\/et_pb_code][\/et_pb_column][\/et_pb_row][\/et_pb_section][et_pb_section fb_built=\u201d1\u2033 admin_label=\u201dBenutzerdefinierte Fu\u00dfzeile\u201d module_class=\u201dcustom-footer\u201d _builder_version=\u201d4.20.4\u2033 _module_preset=\u201ddefault\u201d background_color=\u201d#443741\u2033 global_module=\u201d478\u2033 saved_tabs=\u201dall\u201d global_colors_info=\u201d{}\u201d][et_pb_row column_structure=\u201d1_2,1_2\u2033 _builder_version=\u201d4.20.4\u2033 _module_preset=\u201ddefault\u201d global_colors_info=\u201d{}\u201d][et_pb_column type=\u201d1_2\u2033 _builder_version=\u201d4.20.4\u2033 _module_preset=\u201ddefault\u201d global_colors_info=\u201d{}\u201d][et_pb_image src=\u201dhttps:\/\/culturatech.com\/\/wp-content\/uploads\/2023\/04\/cultura-footer.svg\u201d title_text=\u201dcultura-footer\u201d url=\u201d@ET-DC@eyJkeW5hbWljIjp0cnVlLCJjb250ZW50IjoiaG9tZV91cmwiLCJzZXR0aW5ncyI6e319@\u201d admin_label=\u201dLogo\u201d _builder_version=\u201d4.20.4\u2033 _dynamic_attributes=\u201durl\u201d _module_preset=\u201ddefault\u201d global_colors_info=\u201d{}\u201d][\/et_pb_image][\/et_pb_column][et_pb_column type=\u201d1_2\u2033 _builder_version=\u201d4.20.4\u2033 _module_preset=\u201ddefault\u201d global_colors_info=\u201d{}\u201d][et_pb_code admin_label=\u201dF\u00fcr Inhalte anmelden\u201d _builder_version=\u201d4.20.4\u2033 _module_preset=\u201ddefault\u201d global_colors_info=\u201d{}\u201d]<\/p>\n<ul class=\"social-media-icons\"><!-- [et_pb_line_break_holder] -->\t<\/p>\n<li><a href=\"https:\/\/culturatech.com\/de\/newsletter\/\"><strong>Melden Sie sich f\u00fcr Neuigkeiten, Einblicke und mehr an &gt;<\/strong><\/a><\/li>\n<p><!-- [et_pb_line_break_holder] --><\/p>\n<li><a class=\"linkedinBtn smGlobalBtn\" href=\"https:\/\/www.linkedin.com\/company\/cultura-technologies\/\" target=\"_blank\" rel=\"noopener noreferrer\"><\/a><\/li>\n<p><!-- [et_pb_line_break_holder] --><\/p>\n<li><a class=\"twitterBtn smGlobalBtn\" href=\"https:\/\/twitter.com\/culturatech\" target=\"_blank\" rel=\"noopener noreferrer\"><\/a><\/li>\n<p><!-- [et_pb_line_break_holder] --><\/ul>\n<p>[\/et_pb_code][\/et_pb_column][\/et_pb_row][et_pb_row column_structure=\u201d1_2,1_2\u2033 _builder_version=\u201d4.20.4\u2033 _module_preset=\u201ddefault\u201d global_colors_info=\u201d{}\u201d][et_pb_column type=\u201d1_2\u2033 _builder_version=\u201d4.20.4\u2033 _module_preset=\u201ddefault\u201d global_colors_info=\u201d{}\u201d][et_pb_text admin_label=\u201dCopyright\u201d _builder_version=\u201d4.20.4\u2033 _module_preset=\u201ddefault\u201d text_font_size=\u201d16px\u201d background_layout=\u201ddark\u201d global_colors_info=\u201d{}\u201d]<\/p>\n<p>\u00a9 2023 Cultura Technologies LLC. Alle Rechte vorbehalten<\/p>\n<p>[\/et_pb_text][\/et_pb_column][et_pb_column Typ=\u201d1_2\u2033 _builder_version=\u201d4.20.4\u2033 _module_preset=\u201ddefault\u201d global_colors_info=\u201d{}\u201d][et_pb_menu Men\u00fc-ID=\u201d4\u2033 _builder_version=\u201d4.20.4\u2033 _module_preset=\u201ddefault\u201d Hintergrundaktivierungsfarbe=\u201daus\u201d Hintergrundlayout=\u201ddunkel\u201d global_colors_info=\u201d{}\u201d][\/et_pb_menu][\/et_pb_column][\/et_pb_row][\/et_pb_section]<\/p>","protected":false},"excerpt":{"rendered":"<p>Lassen Sie uns zusammenarbeiten. Wir reden gerne \u00fcber Agrar- und Lebensmittelprodukte. Sie haben eine Idee, eine Chance oder eine Herausforderung, die Sie l\u00f6sen m\u00f6chten? Mit Niederlassungen auf der ganzen Welt arbeiten wir global zusammen. Wir sind an der Zusammenarbeit mit Fachleuten, Partnern, Unternehmern und Innovatoren aus dem Agrar- und Lebensmittelbereich interessiert. \u00a9 2023 Cultura Technologies LLC. Alle Rechte vorbehalten<\/p>","protected":false},"author":6,"featured_media":0,"parent":0,"menu_order":6,"comment_status":"closed","ping_status":"closed","template":"","meta":{"_acf_changed":false,"_et_pb_use_builder":"on","_et_pb_old_content":"","_et_gb_content_width":"","_monsterinsights_skip_tracking":false,"_monsterinsights_sitenote_active":false,"_monsterinsights_sitenote_note":"","_monsterinsights_sitenote_category":0,"footnotes":""},"class_list":["post-14","page","type-page","status-publish","hentry"],"acf":[],"yoast_head":"<!-- This site is optimized with the Yoast SEO plugin v26.3 - https:\/\/yoast.com\/wordpress\/plugins\/seo\/ -->\n<title>Let&#039;s Collaborate - Cultura Technologies<\/title>\n<meta name=\"robots\" content=\"index, follow, max-snippet:-1, max-image-preview:large, max-video-preview:-1\" \/>\n<link rel=\"canonical\" href=\"https:\/\/culturatech.com\/de\/lets-collaborate\/\" \/>\n<meta property=\"og:locale\" content=\"de_DE\" \/>\n<meta property=\"og:type\" content=\"article\" \/>\n<meta property=\"og:title\" content=\"Let&#039;s Collaborate - Cultura Technologies\" \/>\n<meta property=\"og:description\" content=\"Let&#039;s Collaborate We love to talk Agri-Food. Have an idea, opportunity, or challenge to solve?\u00a0With offices all over the world, we collaborate globally. We\u2019re interested in working with Agri-Food professionals, partners, entrepreneurs, and innovators.\u00a0\u00a9 2023 Cultura Technologies LLC. All Rights Reserved\" \/>\n<meta property=\"og:url\" content=\"https:\/\/culturatech.com\/de\/lets-collaborate\/\" \/>\n<meta property=\"og:site_name\" content=\"Cultura Technologies\" \/>\n<meta property=\"article:modified_time\" content=\"2023-05-25T07:26:27+00:00\" \/>\n<meta property=\"og:image\" content=\"https:\/\/culturatech.com\/\/wp-content\/uploads\/2023\/05\/greenstone-1.svg\" \/>\n<meta name=\"twitter:card\" content=\"summary_large_image\" \/>\n<meta name=\"twitter:label1\" content=\"Gesch\u00e4tzte Lesezeit\" \/>\n\t<meta name=\"twitter:data1\" content=\"3\u00a0Minuten\" \/>\n<script type=\"application\/ld+json\" class=\"yoast-schema-graph\">{\"@context\":\"https:\/\/schema.org\",\"@graph\":[{\"@type\":\"WebPage\",\"@id\":\"https:\/\/culturatech.com\/lets-collaborate\/\",\"url\":\"https:\/\/culturatech.com\/lets-collaborate\/\",\"name\":\"Let's Collaborate - Cultura Technologies\",\"isPartOf\":{\"@id\":\"https:\/\/culturatech.com\/#website\"},\"primaryImageOfPage\":{\"@id\":\"https:\/\/culturatech.com\/lets-collaborate\/#primaryimage\"},\"image\":{\"@id\":\"https:\/\/culturatech.com\/lets-collaborate\/#primaryimage\"},\"thumbnailUrl\":\"https:\/\/culturatech.com\/\/wp-content\/uploads\/2023\/05\/greenstone-1.svg\",\"datePublished\":\"2023-04-24T19:01:09+00:00\",\"dateModified\":\"2023-05-25T07:26:27+00:00\",\"inLanguage\":\"de\",\"potentialAction\":[{\"@type\":\"ReadAction\",\"target\":[\"https:\/\/culturatech.com\/lets-collaborate\/\"]}]},{\"@type\":\"ImageObject\",\"inLanguage\":\"de\",\"@id\":\"https:\/\/culturatech.com\/lets-collaborate\/#primaryimage\",\"url\":\"https:\/\/culturatech.com\/\/wp-content\/uploads\/2023\/05\/greenstone-1.svg\",\"contentUrl\":\"https:\/\/culturatech.com\/\/wp-content\/uploads\/2023\/05\/greenstone-1.svg\"},{\"@type\":\"WebSite\",\"@id\":\"https:\/\/culturatech.com\/#website\",\"url\":\"https:\/\/culturatech.com\/\",\"name\":\"Cultura Technologies\",\"description\":\"\",\"potentialAction\":[{\"@type\":\"SearchAction\",\"target\":{\"@type\":\"EntryPoint\",\"urlTemplate\":\"https:\/\/culturatech.com\/?s={search_term_string}\"},\"query-input\":{\"@type\":\"PropertyValueSpecification\",\"valueRequired\":true,\"valueName\":\"search_term_string\"}}],\"inLanguage\":\"de\"}]}<\/script>\n<!-- \/ Yoast SEO plugin. -->","yoast_head_json":{"title":"Lasst uns zusammenarbeiten \u2013 Cultura Technologies","robots":{"index":"index","follow":"follow","max-snippet":"max-snippet:-1","max-image-preview":"max-image-preview:large","max-video-preview":"max-video-preview:-1"},"canonical":"https:\/\/culturatech.com\/de\/lets-collaborate\/","og_locale":"de_DE","og_type":"article","og_title":"Let's Collaborate - Cultura Technologies","og_description":"Let's Collaborate We love to talk Agri-Food. Have an idea, opportunity, or challenge to solve?\u00a0With offices all over the world, we collaborate globally. We\u2019re interested in working with Agri-Food professionals, partners, entrepreneurs, and innovators.\u00a0\u00a9 2023 Cultura Technologies LLC. All Rights Reserved","og_url":"https:\/\/culturatech.com\/de\/lets-collaborate\/","og_site_name":"Cultura Technologies","article_modified_time":"2023-05-25T07:26:27+00:00","og_image":[{"url":"https:\/\/culturatech.com\/\/wp-content\/uploads\/2023\/05\/greenstone-1.svg","type":"","width":"","height":""}],"twitter_card":"summary_large_image","twitter_misc":{"Gesch\u00e4tzte Lesezeit":"3\u00a0Minuten"},"schema":{"@context":"https:\/\/schema.org","@graph":[{"@type":"WebPage","@id":"https:\/\/culturatech.com\/lets-collaborate\/","url":"https:\/\/culturatech.com\/lets-collaborate\/","name":"Lasst uns zusammenarbeiten \u2013 Cultura Technologies","isPartOf":{"@id":"https:\/\/culturatech.com\/#website"},"primaryImageOfPage":{"@id":"https:\/\/culturatech.com\/lets-collaborate\/#primaryimage"},"image":{"@id":"https:\/\/culturatech.com\/lets-collaborate\/#primaryimage"},"thumbnailUrl":"https:\/\/culturatech.com\/\/wp-content\/uploads\/2023\/05\/greenstone-1.svg","datePublished":"2023-04-24T19:01:09+00:00","dateModified":"2023-05-25T07:26:27+00:00","inLanguage":"de","potentialAction":[{"@type":"ReadAction","target":["https:\/\/culturatech.com\/lets-collaborate\/"]}]},{"@type":"ImageObject","inLanguage":"de","@id":"https:\/\/culturatech.com\/lets-collaborate\/#primaryimage","url":"https:\/\/culturatech.com\/\/wp-content\/uploads\/2023\/05\/greenstone-1.svg","contentUrl":"https:\/\/culturatech.com\/\/wp-content\/uploads\/2023\/05\/greenstone-1.svg"},{"@type":"WebSite","@id":"https:\/\/culturatech.com\/#website","url":"https:\/\/culturatech.com\/","name":"Cultura Technologies","description":"","potentialAction":[{"@type":"SearchAction","target":{"@type":"EntryPoint","urlTemplate":"https:\/\/culturatech.com\/?s={search_term_string}"},"query-input":{"@type":"PropertyValueSpecification","valueRequired":true,"valueName":"search_term_string"}}],"inLanguage":"de"}]}},"_links":{"self":[{"href":"https:\/\/culturatech.com\/de\/wp-json\/wp\/v2\/pages\/14","targetHints":{"allow":["GET"]}}],"collection":[{"href":"https:\/\/culturatech.com\/de\/wp-json\/wp\/v2\/pages"}],"about":[{"href":"https:\/\/culturatech.com\/de\/wp-json\/wp\/v2\/types\/page"}],"author":[{"embeddable":true,"href":"https:\/\/culturatech.com\/de\/wp-json\/wp\/v2\/users\/6"}],"replies":[{"embeddable":true,"href":"https:\/\/culturatech.com\/de\/wp-json\/wp\/v2\/comments?post=14"}],"version-history":[{"count":0,"href":"https:\/\/culturatech.com\/de\/wp-json\/wp\/v2\/pages\/14\/revisions"}],"wp:attachment":[{"href":"https:\/\/culturatech.com\/de\/wp-json\/wp\/v2\/media?parent=14"}],"curies":[{"name":"wp","href":"https:\/\/api.w.org\/{rel}","templated":true}]}}