{"id":259,"date":"2023-05-09T21:41:55","date_gmt":"2023-05-09T21:41:55","guid":{"rendered":"http:\/\/cultura.test\/?page_id=259"},"modified":"2023-05-31T15:21:03","modified_gmt":"2023-05-31T15:21:03","slug":"vision","status":"publish","type":"page","link":"https:\/\/culturatech.com\/de\/discover\/vision\/","title":{"rendered":"Vision"},"content":{"rendered":"<p>[et_pb_section fb_built=\u201d1\u2033 admin_label=\u201dBanner 2\u2033 module_class=\u201dsection\u2013banner-2\u2033 _builder_version=\u201d4.20.4\u2033 _module_preset=\u201ddefault\u201d global_colors_info=\u201d{}\u201d][et_pb_row column_structure=\u201d1_2,1_2\u2033 module_class=\u201drow\u2013banner\u201d _builder_version=\u201d4.20.4\u2033 _module_preset=\u201ddefault\u201d global_colors_info=\u201d{}\u201d][et_pb_column type=\u201d1_2\u2033 _builder_version=\u201d4.20.4\u2033 _module_preset=\u201ddefault\u201d global_colors_info=\u201d{}\u201d][et_pb_text module_class=\u201dbanner__text\u201d _builder_version=\u201d4.20.4\u2033 _module_preset=\u201dStandard\u201d global_colors_info=\u201d{}\u201d]<\/p>\n<h1>Entdecken Sie Unsere Vision<\/h1>\n<p>Wir arbeiten gemeinsam daran, die Branche durch Insights, Ideen und  zu st\u00e4rken. <\/p>\n<p>[\/et_pb_text][\/et_pb_column][et_pb_column type=\u201d1_2\u2033 _builder_version=\u201d4.20.4\u2033 _module_preset=\u201ddefault\u201d global_colors_info=\u201d{}\u201d][et_pb_image src=\u201dhttps:\/\/culturatech.com\/\/wp-content\/uploads\/2023\/05\/AdobeStock_592568168-796\u00d7662.jpeg\u201d title_text=\u201dBauernpaar mit digitalem Tablet vor einem Erntehintergrund\u201d module_class=\u201dbanner__image\u201d _builder_version=\u201d4.20.4\u2033 _module_preset=\u201ddefault\u201d global_colors_info=\u201d{}\u201d][\/et_pb_image][\/et_pb_column][\/et_pb_row][\/et_pb_section][et_pb_section fb_built=\u201d1\u2033 admin_label=\u201dInhalt\u201d _builder_version=\u201d4.20.4\u2033 _module_preset=\u201ddefault\u201d global_colors_info=\u201d{}\u201d][et_pb_row admin_label=\u201dKollaborative Kreise\u201d module_class=\u201drow\u2013collaborative-circles\u201d _builder_version=\u201d4.20.4\u2033 _module_preset=\u201ddefault\u201d global_colors_info=\u201d{}\u201d][et_pb_column type=\u201d4_4\u2033 _builder_version=\u201d4.20.4\u2033 _module_preset=\u201ddefault\u201d global_colors_info=\u201d{}\u201d][et_pb_text _builder_version=\u201d4.20.4\u2033 _module_preset=\u201ddefault\u201d global_colors_info=\u201d{}\u201d]<\/p>\n<h3>Mission<\/h3>\n<h2>Wir st\u00e4rken die wichtigste<br \/>Branche der Welt<\/h2>\n<h3>\u00a0<\/h3>\n<h3>Vision<\/h3>\n<h2>Eine florierende und widerstandsf\u00e4hige<br \/>Agrar- und Lebensmittelbranche<\/h2>\n<h3>\u00a0<\/h3>\n<h3>Ziel<\/h3>\n<h2>Aufbau einer wachsenden Gemeinschaft<br \/>von Menschen, Unternehmen<br \/>und Insights f\u00fcrbessere Entscheidungen<\/h2>\n<p>&nbsp;<\/p>\n<p>[\/et_pb_text][\/et_pb_column][\/et_pb_row][et_pb_row _builder_version=\u201d4.20.4\u2033 _module_preset=\u201ddefault\u201d background_image=\u201dhttps:\/\/culturatech.com\/\/wp-content\/uploads\/2023\/05\/Background_Texture_Leaves.jpg\u201d parallax=\u201dein\u201d width=\u201d100%\u201d max_width=\u201d2560px\u201d height=\u201d500px\u201d max_height=\u201d500px\u201d hover_enabled=\u201d0\u2033 global_colors_info=\u201d{}\u201d module_class=\u201dbg-image-with-text\u201d sticky_enabled=\u201d0\u2033][et_pb_column type=\u201d4_4\u2033 _builder_version=\u201d4.20.4\u2033 _module_preset=\u201ddefault\u201d global_colors_info=\u201d{}\u201d][et_pb_text _builder_version=\u201d4.20.4\u2033 _module_preset=\u201ddefault\u201d text_text_color=\u201d#FFFFFF\u201d text_font_size=\u201d35px\u201d header_text_align=\u201dcenter\u201d header_text_color=\u201d#FFFFFF\u201d header_font_size=\u201d50px\u201d header_2_text_align=\u201dcenter\u201d header_2_text_color=\u201d#FFFFFF\u201d header_2_font_size=\u201d50px\u201d header_2_line_height=\u201d1.7em\u201d header_3_text_align=\u201dcenter\u201d header_3_text_color=\u201d#FFFFFF\u201d header_3_font_size=\u201d50px\u201d custom_padding=\u201d100px|30px||30px|false|false\u201d header_2_font_size_tablet=\u201d50px\u201d header_2_font_size_phone=\u201d26px\u201d header_2_font_size_last_edited=\u201dam|Telefon\u201d text_text_shadow_style=\u201dpreset3\u2033 text_text_shadow_color=\u201d#FFFFFF\u201d header_text_shadow_style=\u201dpreset3\u2033 header_2_text_shadow_style=\u201dpreset3\u2033 header_3_text_shadow_style=\u201dpreset3\u2033 global_colors_info=\u201d{}\u201d]<\/p>\n<h2><\/h2>\n<h2 style=\"text-align: center;\">Wir sind eine wachsende Gemeinschaft aus Menschen, Unternehmen und Insights. Wir bauen an einem florierenden und widerstandsf\u00e4higen Agrar- und Lebensmittelsektor.<\/h2>\n<p>&nbsp;<\/p>\n<p>[\/et_pb_text][\/et_pb_column][\/et_pb_row][\/et_pb_section][et_pb_section fb_built=\u201d1\u2033 admin_label=\u201dVerwandte Ressourcen\u201d module_class=\u201dsection\u2013related-resources\u201d _builder_version=\u201d4.20.4\u2033 _module_preset=\u201ddefault\u201d global_colors_info=\u201d{}\u201d][et_pb_row _builder_version=\u201d4.20.4\u2033 _module_preset=\u201ddefault\u201d custom_css_main_element=\u201dmax-width: 1432px;\u201d global_colors_info=\u201d{}\u201d][et_pb_column type=\u201d4_4\u2033 _builder_version=\u201d4.20.4\u2033 _module_preset=\u201ddefault\u201d global_colors_info=\u201d{}\u201d][et_pb_text _builder_version=\u201d4.20.4\u2033 _module_preset=\u201ddefault\u201d global_colors_info=\u201d{}\u201d]<\/p>\n<h3>WICHTIGE RESSOURCEN<\/h3>\n<p>[\/et_pb_text][et_pb_code _builder_version=\u201d4.20.4\u2033 _module_preset=\u201ddefault\u201d global_colors_info=\u201d{}\u201d]<div class=\"article-row\"><div class=\"et_pb_ajax_pagination_container\"><article><a class=\"blog-image\" href=\"https:\/\/culturatech.com\/de\/key-takeaways-from-world-agri%e2%80%91tech-and-top-agriculture-trends-in-2026\/\" style=\"background-image:url(https:\/\/culturatech.com\/wp-content\/uploads\/2026\/04\/Email-Header-Cultura-Global-Townhall-15.png);\"><\/a><div class=\"blog-content\"><div class=\"category-tag\">Artikel<\/div><h4 class=\"entry-title\"><a href=\"https:\/\/culturatech.com\/de\/key-takeaways-from-world-agri%e2%80%91tech-and-top-agriculture-trends-in-2026\/\">Wichtigste Erkenntnisse aus der Weltkonferenz f\u00fcr Agrartechnologie und Top-Trends in der Landwirtschaft im Jahr 2026<\/a><\/h4><div class=\"post-meta\">9. April 2026 | <span class=\"author\">Erin Hooker<\/span><\/div><\/article><article><a class=\"blog-image\" href=\"https:\/\/culturatech.com\/de\/launching-cultivate-collaborate-a-new-space-for-industry%e2%80%91changing-conversations\/\" style=\"background-image:url(https:\/\/culturatech.com\/wp-content\/uploads\/2026\/03\/Email-Header-Cultura-Global-Townhall-4.jpg);\"><\/a><div class=\"blog-content\"><div class=\"category-tag\">Artikel<\/div><h4 class=\"entry-title\"><a href=\"https:\/\/culturatech.com\/de\/launching-cultivate-collaborate-a-new-space-for-industry%e2%80%91changing-conversations\/\">Einf\u00fchrung von \u201eCultivate &amp; Collaborate\u201c: Ein neuer Raum f\u00fcr branchenver\u00e4ndernde Gespr\u00e4che<\/a><\/h4><div class=\"post-meta\">26. M\u00e4rz 2026 | <span class=\"author\">Erin Hooker<\/span><\/div><\/article><article><a class=\"blog-image\" href=\"https:\/\/culturatech.com\/de\/cultura-acquires-big-consulting-llc-from-alcivia-and-new-vision-co-op-expanding-agribusiness-intelligence-transformation-and-analytics-services\/\" style=\"background-image:url(https:\/\/culturatech.com\/wp-content\/uploads\/2026\/01\/Website-Banners-News-Announcement-2024-1.png);\"><\/a><div class=\"blog-content\"><div class=\"category-tag\">Pressemitteilung<\/div><h4 class=\"entry-title\"><a href=\"https:\/\/culturatech.com\/de\/cultura-acquires-big-consulting-llc-from-alcivia-and-new-vision-co-op-expanding-agribusiness-intelligence-transformation-and-analytics-services\/\">Cultura \u00fcbernimmt BIG Consulting, LLC von ALCIVIA und New Vision Co-op und erweitert damit seine Dienstleistungen in den Bereichen Agrarbusiness Intelligence, Transformation und Analytik.<\/a><\/h4><div class=\"post-meta\">6. Januar 2026 | <span class=\"author\">Erin Hooker<\/span><\/div><\/article><article><a class=\"blog-image\" href=\"https:\/\/culturatech.com\/de\/strengthening-grain-trade-with-traceability-at-ngfa-how-digital-verification-can-unlock-new-value\/\" style=\"background-image:url(https:\/\/culturatech.com\/wp-content\/uploads\/2026\/03\/Email-Header-Cultura-Global-Townhall-1.jpg);\"><\/a><div class=\"blog-content\"><div class=\"category-tag\">Artikel<\/div><h4 class=\"entry-title\"><a href=\"https:\/\/culturatech.com\/de\/strengthening-grain-trade-with-traceability-at-ngfa-how-digital-verification-can-unlock-new-value\/\">St\u00e4rkung des Getreidehandels durch R\u00fcckverfolgbarkeit bei der NGFA: Wie digitale Verifizierung neue Werte erschlie\u00dfen kann<\/a><\/h4><div class=\"post-meta\">23. M\u00e4rz 2026 | <span class=\"author\">Erin Hooker<\/span><\/div><\/article><\/div><\/div>[\/et_pb_code][\/et_pb_column][\/et_pb_row][\/et_pb_section][et_pb_section fb_built=\u201d1\u2033 fullwidth=\u201don\u201d module_class=\u201dcall__to__action\u201d _builder_version=\u201d4.20.4\u2033 _module_preset=\u201ddefault\u201d background_color=\u201dRGBA(255,255,255,0)\u201d background_enable_color=\u201doff\u201d global_colors_info=\u201d{}\u201d][et_pb_fullwidth_header button_one_text=\u201dLernen Sie das Team kennen\u201d button_one_url=\u201dhttps:\/\/culturatech.com\/\/discover\/team\/\u201d _builder_version=\u201d4.20.4\u2033 _module_preset=\u201ddefault\u201d title_level=\u201dh3\u2033 background_color=\u201d#e9f0f6\u2033 Hintergrundlayout = \u201ehell\u201c global_colors_info = \u201e{}\u201c]<\/p>\n<p>Wir m\u00f6chten zusammen mit Ihnen die Herausforderungen in der Agrar- und Lebensmittelbranche meistern.<\/p>\n<p>[\/et_pb_fullwidth_header][\/et_pb_section][et_pb_section fb_built=\u201d1\u2033 admin_label=\u201dBenutzerdefinierte Fu\u00dfzeile\u201d module_class=\u201dcustom-footer\u201d _builder_version=\u201d4.20.4\u2033 _module_preset=\u201ddefault\u201d background_color=\u201d#443741\u2033 global_module=\u201d478\u2033 saved_tabs=\u201dall\u201d global_colors_info=\u201d{}\u201d][et_pb_row column_structure=\u201d1_2,1_2\u2033 _builder_version=\u201d4.20.4\u2033 _module_preset=\u201ddefault\u201d global_colors_info=\u201d{}\u201d][et_pb_column type=\u201d1_2\u2033 _builder_version=\u201d4.20.4\u2033 _module_preset=\u201ddefault\u201d global_colors_info=\u201d{}\u201d][et_pb_image src=\u201dhttps:\/\/culturatech.com\/\/wp-content\/uploads\/2023\/04\/cultura-footer.svg\u201d title_text=\u201dcultura-footer\u201d url=\u201d@ET-DC@eyJkeW5hbWljIjp0cnVlLCJjb250ZW50IjoiaG9tZV91cmwiLCJzZXR0aW5ncyI6e319@\u201d admin_label=\u201dLogo\u201d _builder_version=\u201d4.20.4\u2033 _dynamic_attributes=\u201durl\u201d _module_preset=\u201ddefault\u201d global_colors_info=\u201d{}\u201d][\/et_pb_image][\/et_pb_column][et_pb_column type=\u201d1_2\u2033 _builder_version=\u201d4.20.4\u2033 _module_preset=\u201ddefault\u201d global_colors_info=\u201d{}\u201d][et_pb_code admin_label=\u201dF\u00fcr Inhalte anmelden\u201d _builder_version=\u201d4.20.4\u2033 _module_preset=\u201ddefault\u201d global_colors_info=\u201d{}\u201d]<\/p>\n<ul class=\"social-media-icons\"><!-- [et_pb_line_break_holder] -->\t<\/p>\n<li><a href=\"https:\/\/culturatech.com\/de\/newsletter\/\"><strong>Melden Sie sich f\u00fcr Neuigkeiten, Einblicke und mehr an &gt;<\/strong><\/a><\/li>\n<p><!-- [et_pb_line_break_holder] --><\/p>\n<li><a class=\"linkedinBtn smGlobalBtn\" href=\"https:\/\/www.linkedin.com\/company\/cultura-technologies\/\" target=\"_blank\" rel=\"noopener noreferrer\"><\/a><\/li>\n<p><!-- [et_pb_line_break_holder] --><\/p>\n<li><a class=\"twitterBtn smGlobalBtn\" href=\"https:\/\/twitter.com\/culturatech\" target=\"_blank\" rel=\"noopener noreferrer\"><\/a><\/li>\n<p><!-- [et_pb_line_break_holder] --><\/ul>\n<p>[\/et_pb_code][\/et_pb_column][\/et_pb_row][et_pb_row column_structure=\u201d1_2,1_2\u2033 _builder_version=\u201d4.20.4\u2033 _module_preset=\u201ddefault\u201d global_colors_info=\u201d{}\u201d][et_pb_column type=\u201d1_2\u2033 _builder_version=\u201d4.20.4\u2033 _module_preset=\u201ddefault\u201d global_colors_info=\u201d{}\u201d][et_pb_text admin_label=\u201dCopyright\u201d _builder_version=\u201d4.20.4\u2033 _module_preset=\u201ddefault\u201d text_font_size=\u201d16px\u201d background_layout=\u201ddark\u201d global_colors_info=\u201d{}\u201d]<\/p>\n<p>\u00a9 2023 Cultura Technologies LLC. Alle Rechte vorbehalten<\/p>\n<p>[\/et_pb_text][\/et_pb_column][et_pb_column Typ=\u201d1_2\u2033 _builder_version=\u201d4.20.4\u2033 _module_preset=\u201ddefault\u201d global_colors_info=\u201d{}\u201d][et_pb_menu Men\u00fc-ID=\u201d4\u2033 _builder_version=\u201d4.20.4\u2033 _module_preset=\u201ddefault\u201d Hintergrundaktivierungsfarbe=\u201daus\u201d Hintergrundlayout=\u201ddunkel\u201d global_colors_info=\u201d{}\u201d][\/et_pb_menu][\/et_pb_column][\/et_pb_row][\/et_pb_section]<\/p>","protected":false},"excerpt":{"rendered":"<p>[et_pb_section fb_built=\u201d1\u2033 admin_label=\u201dBanner 2\u2033 module_class=\u201dsection\u2013banner-2\u2033 _builder_version=\u201d4.20.4\u2033 _module_preset=\u201ddefault\u201d global_colors_info=\u201d{}\u201d][et_pb_row column_structure=\u201d1_2,1_2\u2033 module_class=\u201drow\u2013banner\u201d _builder_version=\u201d4.20.4\u2033 _module_preset=\u201ddefault\u201d global_colors_info=\u201d{}\u201d][et_pb_column type=\u201d1_2\u2033 _builder_version=\u201d4.20.4\u2033 _module_preset=\u201ddefault\u201d global_colors_info=\u201d{}\u201d][et_pb_text module_class=\u201dbanner__text\u201d _builder_version=\u201d4.20.4\u2033 _module_preset=\u201ddefault\u201d global_colors_info=\u201d{}\u201d] Entdecken Sie unsere Vision Wir arbeiten zusammen, um die Branche durch Erkenntnisse, Ideen und Zusammenarbeit zu verbessern. [\/et_pb_text][\/et_pb_column][et_pb_column type=\u201d1_2\u2033 _builder_version=\u201d4.20.4\u2033 _module_preset=\u201ddefault\u201d global_colors_info=\u201d{}\u201d][et_pb_image src=\u201dhttps:\/\/culturatech.com\/\/wp-content\/uploads\/2023\/05\/AdobeStock_592568168-796\u00d7662.jpeg\u201d title_text=\u201dEin Bauernpaar mit einem digitalen Tablet vor einem Erntehintergrund\u201d module_class=\u201dbanner__image\u201d [\u2026]<\/p>","protected":false},"author":2,"featured_media":0,"parent":11,"menu_order":0,"comment_status":"closed","ping_status":"closed","template":"","meta":{"_acf_changed":false,"_et_pb_use_builder":"on","_et_pb_old_content":"","_et_gb_content_width":"","_monsterinsights_skip_tracking":false,"_monsterinsights_sitenote_active":false,"_monsterinsights_sitenote_note":"","_monsterinsights_sitenote_category":0,"footnotes":""},"class_list":["post-259","page","type-page","status-publish","hentry"],"acf":[],"yoast_head":"<!-- This site is optimized with the Yoast SEO plugin v26.3 - https:\/\/yoast.com\/wordpress\/plugins\/seo\/ -->\n<title>Vision - Cultura Technologies<\/title>\n<meta name=\"robots\" content=\"index, follow, max-snippet:-1, max-image-preview:large, max-video-preview:-1\" \/>\n<link rel=\"canonical\" href=\"https:\/\/culturatech.com\/de\/discover\/vision\/\" \/>\n<meta property=\"og:locale\" content=\"de_DE\" \/>\n<meta property=\"og:type\" content=\"article\" \/>\n<meta property=\"og:title\" content=\"Vision - Cultura Technologies\" \/>\n<meta property=\"og:description\" content=\"[et_pb_section fb_built=&#8221;1&#8243; admin_label=&#8221;Banner 2&#8243; module_class=&#8221;section&#8211;banner-2&#8243; _builder_version=&#8221;4.20.4&#8243; _module_preset=&#8221;default&#8221; global_colors_info=&#8221;{}&#8221;][et_pb_row column_structure=&#8221;1_2,1_2&#8243; module_class=&#8221;row&#8211;banner&#8221; _builder_version=&#8221;4.20.4&#8243; _module_preset=&#8221;default&#8221; global_colors_info=&#8221;{}&#8221;][et_pb_column type=&#8221;1_2&#8243; _builder_version=&#8221;4.20.4&#8243; _module_preset=&#8221;default&#8221; global_colors_info=&#8221;{}&#8221;][et_pb_text module_class=&#8221;banner__text&#8221; _builder_version=&#8221;4.20.4&#8243; _module_preset=&#8221;default&#8221; global_colors_info=&#8221;{}&#8221;] Discover Our Vision We are working together to enhance the industry through insights, ideas, and collaboration. [\/et_pb_text][\/et_pb_column][et_pb_column type=&#8221;1_2&#8243; _builder_version=&#8221;4.20.4&#8243; _module_preset=&#8221;default&#8221; global_colors_info=&#8221;{}&#8221;][et_pb_image src=&#8221;https:\/\/culturatech.com\/\/wp-content\/uploads\/2023\/05\/AdobeStock_592568168-796&#215;662.jpeg&#8221; title_text=&#8221;Couple of farmer with digital tablet on a background of harveste&#8221; module_class=&#8221;banner__image&#8221; [&hellip;]\" \/>\n<meta property=\"og:url\" content=\"https:\/\/culturatech.com\/de\/discover\/vision\/\" \/>\n<meta property=\"og:site_name\" content=\"Cultura Technologies\" \/>\n<meta property=\"article:modified_time\" content=\"2023-05-31T15:21:03+00:00\" \/>\n<meta name=\"twitter:card\" content=\"summary_large_image\" \/>\n<meta name=\"twitter:label1\" content=\"Gesch\u00e4tzte Lesezeit\" \/>\n\t<meta name=\"twitter:data1\" content=\"4\u00a0Minuten\" \/>\n<script type=\"application\/ld+json\" class=\"yoast-schema-graph\">{\"@context\":\"https:\/\/schema.org\",\"@graph\":[{\"@type\":\"WebPage\",\"@id\":\"https:\/\/culturatech.com\/discover\/vision\/\",\"url\":\"https:\/\/culturatech.com\/discover\/vision\/\",\"name\":\"Vision - Cultura Technologies\",\"isPartOf\":{\"@id\":\"https:\/\/culturatech.com\/#website\"},\"datePublished\":\"2023-05-09T21:41:55+00:00\",\"dateModified\":\"2023-05-31T15:21:03+00:00\",\"breadcrumb\":{\"@id\":\"https:\/\/culturatech.com\/discover\/vision\/#breadcrumb\"},\"inLanguage\":\"de\",\"potentialAction\":[{\"@type\":\"ReadAction\",\"target\":[\"https:\/\/culturatech.com\/discover\/vision\/\"]}]},{\"@type\":\"BreadcrumbList\",\"@id\":\"https:\/\/culturatech.com\/discover\/vision\/#breadcrumb\",\"itemListElement\":[{\"@type\":\"ListItem\",\"position\":1,\"name\":\"Discover\",\"item\":\"https:\/\/culturatech.com\/discover\/\"},{\"@type\":\"ListItem\",\"position\":2,\"name\":\"Vision\"}]},{\"@type\":\"WebSite\",\"@id\":\"https:\/\/culturatech.com\/#website\",\"url\":\"https:\/\/culturatech.com\/\",\"name\":\"Cultura Technologies\",\"description\":\"\",\"potentialAction\":[{\"@type\":\"SearchAction\",\"target\":{\"@type\":\"EntryPoint\",\"urlTemplate\":\"https:\/\/culturatech.com\/?s={search_term_string}\"},\"query-input\":{\"@type\":\"PropertyValueSpecification\",\"valueRequired\":true,\"valueName\":\"search_term_string\"}}],\"inLanguage\":\"de\"}]}<\/script>\n<!-- \/ Yoast SEO plugin. -->","yoast_head_json":{"title":"Vision - Cultura Technologies","robots":{"index":"index","follow":"follow","max-snippet":"max-snippet:-1","max-image-preview":"max-image-preview:large","max-video-preview":"max-video-preview:-1"},"canonical":"https:\/\/culturatech.com\/de\/discover\/vision\/","og_locale":"de_DE","og_type":"article","og_title":"Vision - Cultura Technologies","og_description":"[et_pb_section fb_built=&#8221;1&#8243; admin_label=&#8221;Banner 2&#8243; module_class=&#8221;section&#8211;banner-2&#8243; _builder_version=&#8221;4.20.4&#8243; _module_preset=&#8221;default&#8221; global_colors_info=&#8221;{}&#8221;][et_pb_row column_structure=&#8221;1_2,1_2&#8243; module_class=&#8221;row&#8211;banner&#8221; _builder_version=&#8221;4.20.4&#8243; _module_preset=&#8221;default&#8221; global_colors_info=&#8221;{}&#8221;][et_pb_column type=&#8221;1_2&#8243; _builder_version=&#8221;4.20.4&#8243; _module_preset=&#8221;default&#8221; global_colors_info=&#8221;{}&#8221;][et_pb_text module_class=&#8221;banner__text&#8221; _builder_version=&#8221;4.20.4&#8243; _module_preset=&#8221;default&#8221; global_colors_info=&#8221;{}&#8221;] Discover Our Vision We are working together to enhance the industry through insights, ideas, and collaboration. [\/et_pb_text][\/et_pb_column][et_pb_column type=&#8221;1_2&#8243; _builder_version=&#8221;4.20.4&#8243; _module_preset=&#8221;default&#8221; global_colors_info=&#8221;{}&#8221;][et_pb_image src=&#8221;https:\/\/culturatech.com\/\/wp-content\/uploads\/2023\/05\/AdobeStock_592568168-796&#215;662.jpeg&#8221; title_text=&#8221;Couple of farmer with digital tablet on a background of harveste&#8221; module_class=&#8221;banner__image&#8221; [&hellip;]","og_url":"https:\/\/culturatech.com\/de\/discover\/vision\/","og_site_name":"Cultura Technologies","article_modified_time":"2023-05-31T15:21:03+00:00","twitter_card":"summary_large_image","twitter_misc":{"Gesch\u00e4tzte Lesezeit":"4\u00a0Minuten"},"schema":{"@context":"https:\/\/schema.org","@graph":[{"@type":"WebPage","@id":"https:\/\/culturatech.com\/discover\/vision\/","url":"https:\/\/culturatech.com\/discover\/vision\/","name":"Vision - Cultura Technologies","isPartOf":{"@id":"https:\/\/culturatech.com\/#website"},"datePublished":"2023-05-09T21:41:55+00:00","dateModified":"2023-05-31T15:21:03+00:00","breadcrumb":{"@id":"https:\/\/culturatech.com\/discover\/vision\/#breadcrumb"},"inLanguage":"de","potentialAction":[{"@type":"ReadAction","target":["https:\/\/culturatech.com\/discover\/vision\/"]}]},{"@type":"BreadcrumbList","@id":"https:\/\/culturatech.com\/discover\/vision\/#breadcrumb","itemListElement":[{"@type":"ListItem","position":1,"name":"Discover","item":"https:\/\/culturatech.com\/discover\/"},{"@type":"ListItem","position":2,"name":"Vision"}]},{"@type":"WebSite","@id":"https:\/\/culturatech.com\/#website","url":"https:\/\/culturatech.com\/","name":"Cultura Technologies","description":"","potentialAction":[{"@type":"SearchAction","target":{"@type":"EntryPoint","urlTemplate":"https:\/\/culturatech.com\/?s={search_term_string}"},"query-input":{"@type":"PropertyValueSpecification","valueRequired":true,"valueName":"search_term_string"}}],"inLanguage":"de"}]}},"_links":{"self":[{"href":"https:\/\/culturatech.com\/de\/wp-json\/wp\/v2\/pages\/259","targetHints":{"allow":["GET"]}}],"collection":[{"href":"https:\/\/culturatech.com\/de\/wp-json\/wp\/v2\/pages"}],"about":[{"href":"https:\/\/culturatech.com\/de\/wp-json\/wp\/v2\/types\/page"}],"author":[{"embeddable":true,"href":"https:\/\/culturatech.com\/de\/wp-json\/wp\/v2\/users\/2"}],"replies":[{"embeddable":true,"href":"https:\/\/culturatech.com\/de\/wp-json\/wp\/v2\/comments?post=259"}],"version-history":[{"count":0,"href":"https:\/\/culturatech.com\/de\/wp-json\/wp\/v2\/pages\/259\/revisions"}],"up":[{"embeddable":true,"href":"https:\/\/culturatech.com\/de\/wp-json\/wp\/v2\/pages\/11"}],"wp:attachment":[{"href":"https:\/\/culturatech.com\/de\/wp-json\/wp\/v2\/media?parent=259"}],"curies":[{"name":"wp","href":"https:\/\/api.w.org\/{rel}","templated":true}]}}